{"id":2659,"date":"2024-02-06T10:30:59","date_gmt":"2024-02-06T09:30:59","guid":{"rendered":"https:\/\/www.wake.nl\/?page_id=2659"},"modified":"2024-02-06T12:28:22","modified_gmt":"2024-02-06T11:28:22","slug":"produktentwicklung","status":"publish","type":"page","link":"https:\/\/www.wake.nl\/de\/end-to-end-service\/produktentwicklung\/","title":{"rendered":"Produktentwicklung"},"content":{"rendered":"\n<p>Zur Verbesserung der Wettbewerbsposition ist es immer wichtiger, eigene differenzierte Produkte zu entwickeln. Wir begleiten diesen gesamten Prozess und investieren mit. Wir stellen sicher, dass jedes Produkt vollst\u00e4ndig gem\u00e4\u00df den erforderlichen Gesetzen und Vorschriften hergestellt und zertifiziert ist.<\/p>\n","protected":false},"excerpt":{"rendered":"<p>Zur Verbesserung der Wettbewerbsposition ist es immer wichtiger, eigene differenzierte Produkte zu entwickeln. Wir begleiten diesen gesamten Prozess und investieren &hellip;<\/p>\n","protected":false},"author":1,"featured_media":640,"parent":2654,"menu_order":0,"comment_status":"closed","ping_status":"closed","template":"tl-service.php","meta":{"_improvement_type_select":"improve_an_existing","_thumb_yes_seoaic":false,"_frame_yes_seoaic":false,"seoaic_generate_description":"","seoaic_improve_instructions_prompt":"","seoaic_rollback_content_improvement":"","seoaic_idea_thumbnail_generator":"","thumbnail_generated":false,"thumbnail_generate_prompt":"","seoaic_article_description":"","footnotes":""},"acf":[],"yoast_head":"<!-- This site is optimized with the Yoast SEO plugin v21.2 - https:\/\/yoast.com\/wordpress\/plugins\/seo\/ -->\n<title>Produktentwicklung - Wake Up International<\/title>\n<meta name=\"robots\" content=\"index, follow, max-snippet:-1, max-image-preview:large, max-video-preview:-1\" \/>\n<link rel=\"canonical\" href=\"https:\/\/www.wake.nl\/de\/end-to-end-service\/produktentwicklung\/\" \/>\n<meta property=\"og:locale\" content=\"de_DE\" \/>\n<meta property=\"og:type\" content=\"article\" \/>\n<meta property=\"og:title\" content=\"Produktentwicklung - Wake Up International\" \/>\n<meta property=\"og:description\" content=\"Zur Verbesserung der Wettbewerbsposition ist es immer wichtiger, eigene differenzierte Produkte zu entwickeln. Wir begleiten diesen gesamten Prozess und investieren &hellip;\" \/>\n<meta property=\"og:url\" content=\"https:\/\/www.wake.nl\/de\/end-to-end-service\/produktentwicklung\/\" \/>\n<meta property=\"og:site_name\" content=\"Wake Up International\" \/>\n<meta property=\"article:modified_time\" content=\"2024-02-06T11:28:22+00:00\" \/>\n<meta property=\"og:image\" content=\"https:\/\/www.wake.nl\/wp-content\/uploads\/2018\/09\/product-development.jpg\" \/>\n\t<meta property=\"og:image:width\" content=\"1920\" \/>\n\t<meta property=\"og:image:height\" content=\"1080\" \/>\n\t<meta property=\"og:image:type\" content=\"image\/jpeg\" \/>\n<meta name=\"twitter:card\" content=\"summary_large_image\" \/>\n<meta name=\"twitter:label1\" content=\"Gesch\u00e4tzte Lesezeit\" \/>\n\t<meta name=\"twitter:data1\" content=\"1\u00a0Minute\" \/>\n<script type=\"application\/ld+json\" class=\"yoast-schema-graph\">{\"@context\":\"https:\/\/schema.org\",\"@graph\":[{\"@type\":\"WebPage\",\"@id\":\"https:\/\/www.wake.nl\/de\/end-to-end-service\/produktentwicklung\/\",\"url\":\"https:\/\/www.wake.nl\/de\/end-to-end-service\/produktentwicklung\/\",\"name\":\"Produktentwicklung - Wake Up International\",\"isPartOf\":{\"@id\":\"https:\/\/www.wake.nl\/#website\"},\"datePublished\":\"2024-02-06T09:30:59+00:00\",\"dateModified\":\"2024-02-06T11:28:22+00:00\",\"breadcrumb\":{\"@id\":\"https:\/\/www.wake.nl\/de\/end-to-end-service\/produktentwicklung\/#breadcrumb\"},\"inLanguage\":\"de\",\"potentialAction\":[{\"@type\":\"ReadAction\",\"target\":[\"https:\/\/www.wake.nl\/de\/end-to-end-service\/produktentwicklung\/\"]}]},{\"@type\":\"BreadcrumbList\",\"@id\":\"https:\/\/www.wake.nl\/de\/end-to-end-service\/produktentwicklung\/#breadcrumb\",\"itemListElement\":[{\"@type\":\"ListItem\",\"position\":1,\"name\":\"End-to-End-Service\",\"item\":\"https:\/\/www.wake.nl\/de\/end-to-end-service\/\"},{\"@type\":\"ListItem\",\"position\":2,\"name\":\"Produktentwicklung\"}]},{\"@type\":\"WebSite\",\"@id\":\"https:\/\/www.wake.nl\/#website\",\"url\":\"https:\/\/www.wake.nl\/\",\"name\":\"Wake Up International\",\"description\":\"Uw partner bij productontwikkeling en wereldwijd inkopen\",\"publisher\":{\"@id\":\"https:\/\/www.wake.nl\/#organization\"},\"potentialAction\":[{\"@type\":\"SearchAction\",\"target\":{\"@type\":\"EntryPoint\",\"urlTemplate\":\"https:\/\/www.wake.nl\/?s={search_term_string}\"},\"query-input\":\"required name=search_term_string\"}],\"inLanguage\":\"de\"},{\"@type\":\"Organization\",\"@id\":\"https:\/\/www.wake.nl\/#organization\",\"name\":\"Wake Up International\",\"url\":\"https:\/\/www.wake.nl\/\",\"logo\":{\"@type\":\"ImageObject\",\"inLanguage\":\"de\",\"@id\":\"https:\/\/www.wake.nl\/#\/schema\/logo\/image\/\",\"url\":\"https:\/\/www.wake.nl\/wp-content\/uploads\/2026\/03\/wake-up-logo.png\",\"contentUrl\":\"https:\/\/www.wake.nl\/wp-content\/uploads\/2026\/03\/wake-up-logo.png\",\"width\":796,\"height\":796,\"caption\":\"Wake Up International\"},\"image\":{\"@id\":\"https:\/\/www.wake.nl\/#\/schema\/logo\/image\/\"}}]}<\/script>\n<!-- \/ Yoast SEO plugin. -->","yoast_head_json":{"title":"Produktentwicklung - Wake Up International","robots":{"index":"index","follow":"follow","max-snippet":"max-snippet:-1","max-image-preview":"max-image-preview:large","max-video-preview":"max-video-preview:-1"},"canonical":"https:\/\/www.wake.nl\/de\/end-to-end-service\/produktentwicklung\/","og_locale":"de_DE","og_type":"article","og_title":"Produktentwicklung - Wake Up International","og_description":"Zur Verbesserung der Wettbewerbsposition ist es immer wichtiger, eigene differenzierte Produkte zu entwickeln. Wir begleiten diesen gesamten Prozess und investieren &hellip;","og_url":"https:\/\/www.wake.nl\/de\/end-to-end-service\/produktentwicklung\/","og_site_name":"Wake Up International","article_modified_time":"2024-02-06T11:28:22+00:00","og_image":[{"width":1920,"height":1080,"url":"https:\/\/www.wake.nl\/wp-content\/uploads\/2018\/09\/product-development.jpg","type":"image\/jpeg"}],"twitter_card":"summary_large_image","twitter_misc":{"Gesch\u00e4tzte Lesezeit":"1\u00a0Minute"},"schema":{"@context":"https:\/\/schema.org","@graph":[{"@type":"WebPage","@id":"https:\/\/www.wake.nl\/de\/end-to-end-service\/produktentwicklung\/","url":"https:\/\/www.wake.nl\/de\/end-to-end-service\/produktentwicklung\/","name":"Produktentwicklung - Wake Up International","isPartOf":{"@id":"https:\/\/www.wake.nl\/#website"},"datePublished":"2024-02-06T09:30:59+00:00","dateModified":"2024-02-06T11:28:22+00:00","breadcrumb":{"@id":"https:\/\/www.wake.nl\/de\/end-to-end-service\/produktentwicklung\/#breadcrumb"},"inLanguage":"de","potentialAction":[{"@type":"ReadAction","target":["https:\/\/www.wake.nl\/de\/end-to-end-service\/produktentwicklung\/"]}]},{"@type":"BreadcrumbList","@id":"https:\/\/www.wake.nl\/de\/end-to-end-service\/produktentwicklung\/#breadcrumb","itemListElement":[{"@type":"ListItem","position":1,"name":"End-to-End-Service","item":"https:\/\/www.wake.nl\/de\/end-to-end-service\/"},{"@type":"ListItem","position":2,"name":"Produktentwicklung"}]},{"@type":"WebSite","@id":"https:\/\/www.wake.nl\/#website","url":"https:\/\/www.wake.nl\/","name":"Wake Up International","description":"Uw partner bij productontwikkeling en wereldwijd inkopen","publisher":{"@id":"https:\/\/www.wake.nl\/#organization"},"potentialAction":[{"@type":"SearchAction","target":{"@type":"EntryPoint","urlTemplate":"https:\/\/www.wake.nl\/?s={search_term_string}"},"query-input":"required name=search_term_string"}],"inLanguage":"de"},{"@type":"Organization","@id":"https:\/\/www.wake.nl\/#organization","name":"Wake Up International","url":"https:\/\/www.wake.nl\/","logo":{"@type":"ImageObject","inLanguage":"de","@id":"https:\/\/www.wake.nl\/#\/schema\/logo\/image\/","url":"https:\/\/www.wake.nl\/wp-content\/uploads\/2026\/03\/wake-up-logo.png","contentUrl":"https:\/\/www.wake.nl\/wp-content\/uploads\/2026\/03\/wake-up-logo.png","width":796,"height":796,"caption":"Wake Up International"},"image":{"@id":"https:\/\/www.wake.nl\/#\/schema\/logo\/image\/"}}]}},"_links":{"self":[{"href":"https:\/\/www.wake.nl\/de\/wp-json\/wp\/v2\/pages\/2659"}],"collection":[{"href":"https:\/\/www.wake.nl\/de\/wp-json\/wp\/v2\/pages"}],"about":[{"href":"https:\/\/www.wake.nl\/de\/wp-json\/wp\/v2\/types\/page"}],"author":[{"embeddable":true,"href":"https:\/\/www.wake.nl\/de\/wp-json\/wp\/v2\/users\/1"}],"replies":[{"embeddable":true,"href":"https:\/\/www.wake.nl\/de\/wp-json\/wp\/v2\/comments?post=2659"}],"version-history":[{"count":2,"href":"https:\/\/www.wake.nl\/de\/wp-json\/wp\/v2\/pages\/2659\/revisions"}],"predecessor-version":[{"id":2667,"href":"https:\/\/www.wake.nl\/de\/wp-json\/wp\/v2\/pages\/2659\/revisions\/2667"}],"up":[{"embeddable":true,"href":"https:\/\/www.wake.nl\/de\/wp-json\/wp\/v2\/pages\/2654"}],"wp:featuredmedia":[{"embeddable":true,"href":"https:\/\/www.wake.nl\/de\/wp-json\/wp\/v2\/media\/640"}],"wp:attachment":[{"href":"https:\/\/www.wake.nl\/de\/wp-json\/wp\/v2\/media?parent=2659"}],"curies":[{"name":"wp","href":"https:\/\/api.w.org\/{rel}","templated":true}]}}