{"id":2654,"date":"2024-02-06T10:11:08","date_gmt":"2024-02-06T09:11:08","guid":{"rendered":"https:\/\/www.wake.nl\/?page_id=2654"},"modified":"2024-02-06T12:28:00","modified_gmt":"2024-02-06T11:28:00","slug":"end-to-end-service","status":"publish","type":"page","link":"https:\/\/www.wake.nl\/de\/end-to-end-service\/","title":{"rendered":"End-to-End-Service"},"content":{"rendered":"\n<p>Mit eigenen B\u00fcros in Europa und Asien sind wir in der Lage, unsere Gesch\u00e4ftspartner vollst\u00e4ndig bei Produktentwicklung, Einkauf und Logistikl\u00f6sungen zu entlasten. Dadurch k\u00f6nnen sie sich st\u00e4rker auf ihr Kerngesch\u00e4ft konzentrieren.<\/p>\n","protected":false},"excerpt":{"rendered":"<p>Mit eigenen B\u00fcros in Europa und Asien sind wir in der Lage, unsere Gesch\u00e4ftspartner vollst\u00e4ndig bei Produktentwicklung, Einkauf und Logistikl\u00f6sungen &hellip;<\/p>\n","protected":false},"author":1,"featured_media":305,"parent":0,"menu_order":0,"comment_status":"closed","ping_status":"closed","template":"tl-services.php","meta":{"_improvement_type_select":"improve_an_existing","_thumb_yes_seoaic":false,"_frame_yes_seoaic":false,"seoaic_generate_description":"","seoaic_improve_instructions_prompt":"","seoaic_rollback_content_improvement":"","seoaic_idea_thumbnail_generator":"","thumbnail_generated":false,"thumbnail_generate_prompt":"","seoaic_article_description":"","footnotes":""},"acf":[],"yoast_head":"<!-- This site is optimized with the Yoast SEO plugin v21.2 - https:\/\/yoast.com\/wordpress\/plugins\/seo\/ -->\n<title>End-to-End-Service - Wake Up International<\/title>\n<meta name=\"robots\" content=\"index, follow, max-snippet:-1, max-image-preview:large, max-video-preview:-1\" \/>\n<link rel=\"canonical\" href=\"https:\/\/www.wake.nl\/de\/end-to-end-service\/\" \/>\n<meta property=\"og:locale\" content=\"de_DE\" \/>\n<meta property=\"og:type\" content=\"article\" \/>\n<meta property=\"og:title\" content=\"End-to-End-Service - Wake Up International\" \/>\n<meta property=\"og:description\" content=\"Mit eigenen B\u00fcros in Europa und Asien sind wir in der Lage, unsere Gesch\u00e4ftspartner vollst\u00e4ndig bei Produktentwicklung, Einkauf und Logistikl\u00f6sungen &hellip;\" \/>\n<meta property=\"og:url\" content=\"https:\/\/www.wake.nl\/de\/end-to-end-service\/\" \/>\n<meta property=\"og:site_name\" content=\"Wake Up International\" \/>\n<meta property=\"article:modified_time\" content=\"2024-02-06T11:28:00+00:00\" \/>\n<meta property=\"og:image\" content=\"https:\/\/www.wake.nl\/wp-content\/uploads\/2018\/08\/logistics-management.jpg\" \/>\n\t<meta property=\"og:image:width\" content=\"1920\" \/>\n\t<meta property=\"og:image:height\" content=\"1080\" \/>\n\t<meta property=\"og:image:type\" content=\"image\/jpeg\" \/>\n<meta name=\"twitter:card\" content=\"summary_large_image\" \/>\n<meta name=\"twitter:label1\" content=\"Gesch\u00e4tzte Lesezeit\" \/>\n\t<meta name=\"twitter:data1\" content=\"1\u00a0Minute\" \/>\n<script type=\"application\/ld+json\" class=\"yoast-schema-graph\">{\"@context\":\"https:\/\/schema.org\",\"@graph\":[{\"@type\":\"WebPage\",\"@id\":\"https:\/\/www.wake.nl\/de\/end-to-end-service\/\",\"url\":\"https:\/\/www.wake.nl\/de\/end-to-end-service\/\",\"name\":\"End-to-End-Service - Wake Up International\",\"isPartOf\":{\"@id\":\"https:\/\/www.wake.nl\/#website\"},\"datePublished\":\"2024-02-06T09:11:08+00:00\",\"dateModified\":\"2024-02-06T11:28:00+00:00\",\"inLanguage\":\"de\",\"potentialAction\":[{\"@type\":\"ReadAction\",\"target\":[\"https:\/\/www.wake.nl\/de\/end-to-end-service\/\"]}]},{\"@type\":\"WebSite\",\"@id\":\"https:\/\/www.wake.nl\/#website\",\"url\":\"https:\/\/www.wake.nl\/\",\"name\":\"Wake Up International\",\"description\":\"Uw partner bij productontwikkeling en wereldwijd inkopen\",\"publisher\":{\"@id\":\"https:\/\/www.wake.nl\/#organization\"},\"potentialAction\":[{\"@type\":\"SearchAction\",\"target\":{\"@type\":\"EntryPoint\",\"urlTemplate\":\"https:\/\/www.wake.nl\/?s={search_term_string}\"},\"query-input\":\"required name=search_term_string\"}],\"inLanguage\":\"de\"},{\"@type\":\"Organization\",\"@id\":\"https:\/\/www.wake.nl\/#organization\",\"name\":\"Wake Up International\",\"url\":\"https:\/\/www.wake.nl\/\",\"logo\":{\"@type\":\"ImageObject\",\"inLanguage\":\"de\",\"@id\":\"https:\/\/www.wake.nl\/#\/schema\/logo\/image\/\",\"url\":\"https:\/\/www.wake.nl\/wp-content\/uploads\/2026\/03\/wake-up-logo.png\",\"contentUrl\":\"https:\/\/www.wake.nl\/wp-content\/uploads\/2026\/03\/wake-up-logo.png\",\"width\":796,\"height\":796,\"caption\":\"Wake Up International\"},\"image\":{\"@id\":\"https:\/\/www.wake.nl\/#\/schema\/logo\/image\/\"}}]}<\/script>\n<!-- \/ Yoast SEO plugin. -->","yoast_head_json":{"title":"End-to-End-Service - Wake Up International","robots":{"index":"index","follow":"follow","max-snippet":"max-snippet:-1","max-image-preview":"max-image-preview:large","max-video-preview":"max-video-preview:-1"},"canonical":"https:\/\/www.wake.nl\/de\/end-to-end-service\/","og_locale":"de_DE","og_type":"article","og_title":"End-to-End-Service - Wake Up International","og_description":"Mit eigenen B\u00fcros in Europa und Asien sind wir in der Lage, unsere Gesch\u00e4ftspartner vollst\u00e4ndig bei Produktentwicklung, Einkauf und Logistikl\u00f6sungen &hellip;","og_url":"https:\/\/www.wake.nl\/de\/end-to-end-service\/","og_site_name":"Wake Up International","article_modified_time":"2024-02-06T11:28:00+00:00","og_image":[{"width":1920,"height":1080,"url":"https:\/\/www.wake.nl\/wp-content\/uploads\/2018\/08\/logistics-management.jpg","type":"image\/jpeg"}],"twitter_card":"summary_large_image","twitter_misc":{"Gesch\u00e4tzte Lesezeit":"1\u00a0Minute"},"schema":{"@context":"https:\/\/schema.org","@graph":[{"@type":"WebPage","@id":"https:\/\/www.wake.nl\/de\/end-to-end-service\/","url":"https:\/\/www.wake.nl\/de\/end-to-end-service\/","name":"End-to-End-Service - Wake Up International","isPartOf":{"@id":"https:\/\/www.wake.nl\/#website"},"datePublished":"2024-02-06T09:11:08+00:00","dateModified":"2024-02-06T11:28:00+00:00","inLanguage":"de","potentialAction":[{"@type":"ReadAction","target":["https:\/\/www.wake.nl\/de\/end-to-end-service\/"]}]},{"@type":"WebSite","@id":"https:\/\/www.wake.nl\/#website","url":"https:\/\/www.wake.nl\/","name":"Wake Up International","description":"Uw partner bij productontwikkeling en wereldwijd inkopen","publisher":{"@id":"https:\/\/www.wake.nl\/#organization"},"potentialAction":[{"@type":"SearchAction","target":{"@type":"EntryPoint","urlTemplate":"https:\/\/www.wake.nl\/?s={search_term_string}"},"query-input":"required name=search_term_string"}],"inLanguage":"de"},{"@type":"Organization","@id":"https:\/\/www.wake.nl\/#organization","name":"Wake Up International","url":"https:\/\/www.wake.nl\/","logo":{"@type":"ImageObject","inLanguage":"de","@id":"https:\/\/www.wake.nl\/#\/schema\/logo\/image\/","url":"https:\/\/www.wake.nl\/wp-content\/uploads\/2026\/03\/wake-up-logo.png","contentUrl":"https:\/\/www.wake.nl\/wp-content\/uploads\/2026\/03\/wake-up-logo.png","width":796,"height":796,"caption":"Wake Up International"},"image":{"@id":"https:\/\/www.wake.nl\/#\/schema\/logo\/image\/"}}]}},"_links":{"self":[{"href":"https:\/\/www.wake.nl\/de\/wp-json\/wp\/v2\/pages\/2654"}],"collection":[{"href":"https:\/\/www.wake.nl\/de\/wp-json\/wp\/v2\/pages"}],"about":[{"href":"https:\/\/www.wake.nl\/de\/wp-json\/wp\/v2\/types\/page"}],"author":[{"embeddable":true,"href":"https:\/\/www.wake.nl\/de\/wp-json\/wp\/v2\/users\/1"}],"replies":[{"embeddable":true,"href":"https:\/\/www.wake.nl\/de\/wp-json\/wp\/v2\/comments?post=2654"}],"version-history":[{"count":2,"href":"https:\/\/www.wake.nl\/de\/wp-json\/wp\/v2\/pages\/2654\/revisions"}],"predecessor-version":[{"id":2656,"href":"https:\/\/www.wake.nl\/de\/wp-json\/wp\/v2\/pages\/2654\/revisions\/2656"}],"wp:featuredmedia":[{"embeddable":true,"href":"https:\/\/www.wake.nl\/de\/wp-json\/wp\/v2\/media\/305"}],"wp:attachment":[{"href":"https:\/\/www.wake.nl\/de\/wp-json\/wp\/v2\/media?parent=2654"}],"curies":[{"name":"wp","href":"https:\/\/api.w.org\/{rel}","templated":true}]}}